{"id":12,"date":"2025-07-22T17:12:12","date_gmt":"2025-07-22T17:12:12","guid":{"rendered":"https:\/\/voleibolenmadrid.es\/?page_id=12"},"modified":"2025-07-22T17:48:24","modified_gmt":"2025-07-22T17:48:24","slug":"que-tipos-de-voleibol-puedes-practicar-en-madrid","status":"publish","type":"page","link":"https:\/\/voleibolenmadrid.es\/?page_id=12","title":{"rendered":"\u00bfQu\u00e9 tipos de voleibol puedes practicar en Madrid?"},"content":{"rendered":"\n<div class=\"wp-block-group alignfull has-accent-2-background-color has-background has-global-padding is-layout-constrained wp-container-core-group-is-layout-669513ed wp-block-group-is-layout-constrained\" style=\"margin-top:0;margin-bottom:0;padding-top:var(--wp--preset--spacing--50);padding-right:var(--wp--preset--spacing--50);padding-bottom:var(--wp--preset--spacing--50);padding-left:var(--wp--preset--spacing--50)\">\n<div class=\"wp-block-columns alignwide is-layout-flex wp-container-core-columns-is-layout-28f84493 wp-block-columns-is-layout-flex\">\n<div class=\"wp-block-column is-layout-flow wp-block-column-is-layout-flow\" style=\"flex-basis:60%\">\n<p class=\"has-heading-font-family has-x-large-font-size\" style=\"line-height:1.2\">\u00bfQu\u00e9 tipos de voleibol puedes practicar en Madrid?<\/p>\n\n\n\n<p>En Madrid se practican distintas variantes de este deporte:<\/p>\n\n\n\n<pre class=\"wp-block-code\"><code>Voleibol de pista: en clubes, polideportivos, ligas federadas y recreativas.\n\nVoley playa: disponible en centros especializados o durante el verano en instalaciones con arena.\n\nVoleibol escolar y universitario: con ligas organizadas por centros educativos y universidades.\n\nVoleibol para adultos: ideal para quienes buscan actividad f\u00edsica sin necesidad de competir.<\/code><\/pre>\n\n\n\n<p class=\"has-heading-font-family has-x-large-font-size\" style=\"line-height:1.2\">Independientemente de tu edad o nivel, seguro que encuentras una modalidad que se adapte a ti.<\/p>\n<\/div>\n<\/div>\n\n\n\n<div style=\"height:var(--wp--preset--spacing--40)\" aria-hidden=\"true\" class=\"wp-block-spacer\"><\/div>\n\n\n\n<figure class=\"wp-block-image alignwide size-large is-style-rounded is-style-rounded--1\"><img decoding=\"async\" src=\"https:\/\/voleibolenmadrid.es\/wp-content\/themes\/twentytwentyfour\/assets\/images\/hotel-facade.webp\" alt=\"Hyatt Regency San Francisco, San Francisco, United States\"\/><\/figure>\n<\/div>\n\n\n\n<div class=\"wp-block-group alignfull has-base-background-color has-background has-global-padding is-layout-constrained wp-container-core-group-is-layout-d89aad35 wp-block-group-is-layout-constrained\" style=\"margin-top:0;margin-bottom:0;padding-top:var(--wp--preset--spacing--50);padding-right:var(--wp--preset--spacing--50);padding-bottom:var(--wp--preset--spacing--50);padding-left:var(--wp--preset--spacing--50)\">\n<div class=\"wp-block-columns alignwide is-layout-flex wp-container-core-columns-is-layout-549b0c86 wp-block-columns-is-layout-flex\">\n<div class=\"wp-block-column is-layout-flow wp-container-core-column-is-layout-119bc444 wp-block-column-is-layout-flow\" style=\"flex-basis:60%\">\n<p class=\"has-heading-font-family has-x-large-font-size\" style=\"line-height:1.2\">\u00bfD\u00f3nde se juega al voleibol en Madrid?<\/p>\n\n\n\n<div class=\"wp-block-columns is-layout-flex wp-container-core-columns-is-layout-87beb0d0 wp-block-columns-is-layout-flex\">\n<div class=\"wp-block-column is-layout-flow wp-block-column-is-layout-flow\">\n<p class=\"wp-container-content-9cfa9a5a\">Madrid cuenta con una amplia red de instalaciones deportivas donde se puede practicar voleibol, tanto a nivel recreativo como competitivo. Algunas opciones incluyen:<\/p>\n\n\n\n<pre class=\"wp-block-code\"><code>Polideportivos municipales con pistas cubiertas.\n\nClubes especializados con entrenamientos estructurados.\n\nCampeonatos universitarios y ligas sociales.<\/code><\/pre>\n\n\n\n<p class=\"wp-container-content-9cfa9a5a\">\ud83d\udc49 Si quieres unirte a un club activo, con entrenadores cualificados y buen ambiente, visita nuestra web:<\/p>\n<\/div>\n<\/div>\n<\/div>\n<\/div>\n\n\n\n<div class=\"wp-block-buttons is-layout-flex wp-block-buttons-is-layout-flex\">\n<div class=\"wp-block-button\"><a class=\"wp-block-button__link wp-element-button\" href=\"https:\/\/www.vpmadrid.com\/\">VP Madrid<\/a><\/div>\n<\/div>\n<\/div>\n\n\n\n<div class=\"wp-block-cover alignfull is-light has-parallax\" style=\"padding-top:var(--wp--preset--spacing--50);padding-right:var(--wp--preset--spacing--50);padding-bottom:var(--wp--preset--spacing--50);padding-left:var(--wp--preset--spacing--50);min-height:100vh;aspect-ratio:unset;\"><div class=\"wp-block-cover__image-background has-parallax\" style=\"background-position:50% 50%;background-image:url(https:\/\/voleibolenmadrid.es\/wp-content\/themes\/twentytwentyfour\/assets\/images\/art-gallery.webp)\"><\/div><span aria-hidden=\"true\" class=\"wp-block-cover__background has-base-background-color has-background-dim-0 has-background-dim\"><\/span><div class=\"wp-block-cover__inner-container has-global-padding is-layout-constrained wp-container-core-cover-is-layout-e4fd886c wp-block-cover-is-layout-constrained\">\n<h2 class=\"wp-block-heading\">\u00bfPor qu\u00e9 practicar voleibol?<\/h2>\n\n\n\n<p>El voleibol no solo mejora tu condici\u00f3n f\u00edsica, tambi\u00e9n fomenta valores como el compa\u00f1erismo, la cooperaci\u00f3n y el respeto. Algunos de sus beneficios son:<\/p>\n\n\n\n<pre class=\"wp-block-code\"><code>Mejora del estado cardiovascular y la coordinaci\u00f3n.\n\nTrabajo en equipo y socializaci\u00f3n.\n\nAdaptable a diferentes niveles y edades.\n\nEs un deporte muy din\u00e1mico y entretenido.<\/code><\/pre>\n<\/div><\/div>\n\n\n\n<div class=\"wp-block-group alignfull has-base-2-background-color has-background has-global-padding is-layout-constrained wp-container-core-group-is-layout-7cd14b77 wp-block-group-is-layout-constrained\" style=\"margin-top:0;margin-bottom:0;padding-top:var(--wp--preset--spacing--60);padding-right:var(--wp--preset--spacing--60);padding-bottom:var(--wp--preset--spacing--60);padding-left:var(--wp--preset--spacing--60)\">\n<div class=\"wp-block-group alignwide is-layout-flow wp-block-group-is-layout-flow\">\n<p class=\"has-text-align-center has-heading-font-family has-x-large-font-size\" style=\"font-style:normal;font-weight:400;line-height:1.2\">\u00bfQui\u00e9n puede practicar voleibol?<\/p>\n\n\n\n<p>El voleibol es un deporte inclusivo. En Madrid, existen opciones para:<\/p>\n\n\n\n<pre class=\"wp-block-code\"><code>Ni\u00f1os y ni\u00f1as desde los 6-8 a\u00f1os.\n\nJ\u00f3venes y adolescentes que quieren progresar y competir.\n\nAdultos que buscan mantenerse activos o aprender desde cero.\n\nPersonas mayores que deseen practicar de forma suave y adaptada.<\/code><\/pre>\n<\/div>\n<\/div>\n\n\n\n<div class=\"wp-block-group alignfull has-base-2-color has-contrast-background-color has-text-color has-background has-link-color wp-elements-b1ca59cfc4ccfc690746d03591169a2e has-global-padding is-layout-constrained wp-container-core-group-is-layout-facafb6f wp-block-group-is-layout-constrained\" style=\"margin-top:0;margin-bottom:0;padding-top:var(--wp--preset--spacing--50);padding-right:var(--wp--preset--spacing--50);padding-bottom:var(--wp--preset--spacing--50);padding-left:var(--wp--preset--spacing--50)\">\n<div class=\"wp-block-columns alignwide is-layout-flex wp-container-core-columns-is-layout-d1c656ed wp-block-columns-is-layout-flex\">\n<div class=\"wp-block-column is-vertically-aligned-stretch is-layout-flow wp-block-column-is-layout-flow\" style=\"padding-right:0;flex-basis:60%\">\n<div class=\"wp-block-group is-vertical is-content-justification-stretch is-layout-flex wp-container-core-group-is-layout-ae24f51d wp-block-group-is-layout-flex\" style=\"min-height:100%\">\n<figure class=\"wp-block-image size-large is-style-rounded is-style-rounded--2\"><img decoding=\"async\" src=\"https:\/\/voleibolenmadrid.es\/wp-content\/themes\/twentytwentyfour\/assets\/images\/angular-roof.webp\" alt=\"An empty staircase under an angular roof in Darling Harbour, Sydney, Australia\" style=\"aspect-ratio:9\/16;object-fit:cover\"\/><\/figure>\n\n\n\n<p class=\"has-medium-font-size\"><mark style=\"background-color:rgba(0, 0, 0, 0)\" class=\"has-inline-color has-accent-3-color\"><strong>\u00bfQuieres empezar hoy mismo?<\/strong><\/mark><\/p>\n\n\n\n<p class=\"has-medium-font-size\">Te invitamos a conocer nuestro club y descubrir nuestras categor\u00edas, entrenamientos y horarios.<br>\ud83d\udcbb Haz clic aqu\u00ed para informarte \u2192 <a class=\"\" href=\"http:\/\/www.vpmadrid.es\">www.vpmadrid.es<\/a><\/p>\n<\/div>\n<\/div>\n\n\n\n<div class=\"wp-block-column is-layout-flow wp-block-column-is-layout-flow\" style=\"flex-basis:40%\">\n<div class=\"wp-block-group has-global-padding is-layout-constrained wp-block-group-is-layout-constrained\">\n<p class=\"has-large-font-size\" style=\"font-style:normal;font-weight:500;line-height:1.2\">\u00bfC\u00f3mo empezar?<\/p>\n\n\n\n<p class=\"has-large-font-size\" style=\"font-style:normal;font-weight:500;line-height:1.2\">Solo necesitas ropa deportiva y ganas de aprender. La mayor\u00eda de clubes ofrecen sesiones de prueba, entrenamientos por niveles y seguimiento por parte de entrenadores titulados.<\/p>\n\n\n\n<div style=\"height:var(--wp--preset--spacing--40)\" aria-hidden=\"true\" class=\"wp-block-spacer\"><\/div>\n\n\n\n<div class=\"wp-block-group is-layout-flow wp-block-group-is-layout-flow\">\n<p class=\"has-medium-font-size\">2. Case studies that celebrate the artistry can fuel curiosity and ignite inspiration.<\/p>\n\n\n\n<figure class=\"wp-block-image size-large is-style-rounded is-style-rounded--3\"><img decoding=\"async\" src=\"https:\/\/voleibolenmadrid.es\/wp-content\/themes\/twentytwentyfour\/assets\/images\/art-gallery.webp\" alt=\"Art Gallery of Ontario, Toronto, Canada\" style=\"aspect-ratio:9\/16;object-fit:cover\"\/><\/figure>\n<\/div>\n<\/div>\n<\/div>\n<\/div>\n<\/div>\n","protected":false},"excerpt":{"rendered":"<p>\u00bfQu\u00e9 tipos de voleibol puedes practicar en Madrid? En Madrid se practican distintas variantes de este deporte: Independientemente de tu edad o nivel, seguro que encuentras una modalidad que se adapte a ti. \u00bfD\u00f3nde se juega al voleibol en Madrid? Madrid cuenta con una amplia red de instalaciones deportivas donde se puede practicar voleibol, tanto [&hellip;]<\/p>\n","protected":false},"author":1,"featured_media":0,"parent":0,"menu_order":0,"comment_status":"closed","ping_status":"closed","template":"","meta":{"footnotes":""},"class_list":["post-12","page","type-page","status-publish","hentry"],"_links":{"self":[{"href":"https:\/\/voleibolenmadrid.es\/index.php?rest_route=\/wp\/v2\/pages\/12","targetHints":{"allow":["GET"]}}],"collection":[{"href":"https:\/\/voleibolenmadrid.es\/index.php?rest_route=\/wp\/v2\/pages"}],"about":[{"href":"https:\/\/voleibolenmadrid.es\/index.php?rest_route=\/wp\/v2\/types\/page"}],"author":[{"embeddable":true,"href":"https:\/\/voleibolenmadrid.es\/index.php?rest_route=\/wp\/v2\/users\/1"}],"replies":[{"embeddable":true,"href":"https:\/\/voleibolenmadrid.es\/index.php?rest_route=%2Fwp%2Fv2%2Fcomments&post=12"}],"version-history":[{"count":7,"href":"https:\/\/voleibolenmadrid.es\/index.php?rest_route=\/wp\/v2\/pages\/12\/revisions"}],"predecessor-version":[{"id":26,"href":"https:\/\/voleibolenmadrid.es\/index.php?rest_route=\/wp\/v2\/pages\/12\/revisions\/26"}],"wp:attachment":[{"href":"https:\/\/voleibolenmadrid.es\/index.php?rest_route=%2Fwp%2Fv2%2Fmedia&parent=12"}],"curies":[{"name":"wp","href":"https:\/\/api.w.org\/{rel}","templated":true}]}}